{"id":44,"date":"2016-02-22T15:00:35","date_gmt":"2016-02-22T14:00:35","guid":{"rendered":"https:\/\/www.chateaudemontrottier.com\/en\/?page_id=44"},"modified":"2025-10-10T05:47:48","modified_gmt":"2025-10-10T04:47:48","slug":"mentions-legales","status":"publish","type":"page","link":"https:\/\/www.chateaudemontrottier.com\/en\/mentions-legales\/","title":{"rendered":"Legal Mentions"},"content":{"rendered":"<h2>Publication et h\u00e9bergement<\/h2>\n<p>Le site <a href=\"https:\/\/www.chateaudemontrottier.com\/en\/\">https:\/\/www.chateaudemontrottier.com\/en\/<\/a> est \u00e9dit\u00e9 par l&rsquo;association du ch\u00e2teau de Montrottier. Si\u00e8ge social : 1 place de l&rsquo;h\u00f4tel de ville 74000 ANNECY<\/p>\n<p>Directeur de publication : le pr\u00e9sident<\/p>\n<p>Le site <a href=\"https:\/\/www.chateaudemontrottier.com\/en\/\">https:\/\/www.chateaudemontrottier.com\/en\/<\/a> est h\u00e9berg\u00e9 par OVH SAS au capital de 500 k\u20ac RCS Roubaix \u2013 Tourcoing 424 761 419 00011 \u2013 Code APE 721Z \u2013 N\u00b0 TVA : FR 22-424-761-419-00011 Si\u00e8ge social : 140 Quai du Sartel \u2013 59100 Roubaix \u2013 France. T\u00e9l\u00e9phone : 0820 698 765<\/p>\n<p>Le site <a href=\"https:\/\/www.chateaudemontrottier.com\/en\/\">https:\/\/www.chateaudemontrottier.com\/en\/<\/a> a \u00e9t\u00e9 construit par la soci\u00e9t\u00e9\u00a0<a href=\"http:\/\/www.tyseo.net\/\">Tyseo, sp\u00e9cialiste en marketing Internet<\/a> \/<a href=\"http:\/\/www.christophebenoit.com\/\">Christophe BENOIT<\/a>, SASU TYSEO au capital de 5000 euros \u2013 Si\u00e8ge social : 28 Avenue du Parmelan 74000 ANNECY \u2013 RCS Annecy 851 988 659 \u2013 SIRET 851 988 659 00021 \u2013 APE 6201Z \u2013 Num\u00e9ro identification intracommunautaire : FR 81 851988659. T\u00e9l\u00e9phone : 04 58 10 05 25. Email : hello@tyseo.net<\/p>\n<h2>Liens hypertextes<\/h2>\n<p>Le ch\u00e2teau de Montrottier n&rsquo;est pas responsable des liens hypertextes pointant vers le pr\u00e9sent site. Les liens hypertextes \u00e9tablis en direction d&rsquo;autres sites \u00e0 partir de <a href=\"https:\/\/www.chateaudemontrottier.com\/en\/\">https:\/\/www.chateaudemontrottier.com\/en\/<\/a> ne sauraient, en aucun cas, engager la responsabilit\u00e9 du Ch\u00e2teau de Montrottier notamment mais de mani\u00e8re non exclusive quant au contenu de ces sites.<\/p>\n<h2>Propri\u00e9t\u00e9 intellectuelle<\/h2>\n<p>L&rsquo;ensemble de ce site rel\u00e8ve de la l\u00e9gislation internationale sur la propri\u00e9t\u00e9 intellectuelle, en ce qui concerne chacun des \u00e9l\u00e9ments de son contenu (textes, images, donn\u00e9es&#8230;).<\/p>\n<p>La reproduction ou repr\u00e9sentation, int\u00e9grale ou partielle, des pages, des donn\u00e9es et de toute autre \u00e9l\u00e9ment constitutif au site, par quelque proc\u00e9d\u00e9 ou support que ce soit, est interdite et constitue sans autorisation expresse et pr\u00e9alable de l&rsquo;\u00e9diteur une contrefa\u00e7on sanctionn\u00e9e par les articles L335-2 et suivants du Code de Propri\u00e9t\u00e9 Intellectuelle.<\/p>\n<ul>\n<li>Vid\u00e9o de l&rsquo;accueil :<\/li>\n<li>Logo :<\/li>\n<li>Photos : Ch\u00e2teau de Montrottier et <a href=\"http:\/\/www.tourisme-annecy.net\">Annecy Tourisme<\/a><\/li>\n<\/ul>\n<h2>Politique de confidentialit\u00e9<\/h2>\n<h2>Recueil et utilisation des renseignements<\/h2>\n<p>Les navigateurs web renvoient aussi automatiquement des donn\u00e9es (IP, cookies, param\u00e9trage navigateurs) qui sont r\u00e9cup\u00e9r\u00e9s sur le serveur. Des cookies peuvent \u00eatre utilis\u00e9s.<\/p>\n<h2>Droit d&rsquo;acc\u00e8s, modification, suppression<\/h2>\n<p>Vous disposez d&rsquo;un droit d&rsquo;acc\u00e8s, de modification et de suppression concernant vos donn\u00e9es. Merci de nous contacter le cas \u00e9ch\u00e9ant.<\/p>\n","protected":false},"excerpt":{"rendered":"<p>Publication et h\u00e9bergement Le site https:\/\/www.chateaudemontrottier.com\/en\/ est \u00e9dit\u00e9 par l&rsquo;association du ch\u00e2teau de Montrottier. Si\u00e8ge social : 1 place de l&rsquo;h\u00f4tel de ville 74000 ANNECY Directeur de publication : le pr\u00e9sident Le site https:\/\/www.chateaudemontrottier.com\/en\/ est h\u00e9berg\u00e9 par OVH SAS au capital de 500 k\u20ac RCS Roubaix \u2013 Tourcoing 424 761 419 00011 \u2013 Code APE [&hellip;]<\/p>\n","protected":false},"author":1,"featured_media":0,"parent":0,"menu_order":0,"comment_status":"closed","ping_status":"closed","template":"","meta":{"_et_pb_use_builder":"","_et_pb_old_content":"","_et_gb_content_width":"","footnotes":""},"class_list":["post-44","page","type-page","status-publish","hentry"],"yoast_head":"<!-- This site is optimized with the Yoast SEO plugin v27.5 - https:\/\/yoast.com\/product\/yoast-seo-wordpress\/ -->\n<title>Legal Mentions - Ch\u00e2teau &amp; Estate of Montrottier<\/title>\n<meta name=\"robots\" content=\"index, follow, max-snippet:-1, max-image-preview:large, max-video-preview:-1\" \/>\n<link rel=\"canonical\" href=\"https:\/\/www.chateaudemontrottier.com\/en\/mentions-legales\/\" \/>\n<meta property=\"og:locale\" content=\"fr_FR\" \/>\n<meta property=\"og:type\" content=\"article\" \/>\n<meta property=\"og:title\" content=\"Legal Mentions - Ch\u00e2teau &amp; Estate of Montrottier\" \/>\n<meta property=\"og:description\" content=\"Publication et h\u00e9bergement Le site https:\/\/www.chateaudemontrottier.com\/en\/ est \u00e9dit\u00e9 par l&rsquo;association du ch\u00e2teau de Montrottier. Si\u00e8ge social : 1 place de l&rsquo;h\u00f4tel de ville 74000 ANNECY Directeur de publication : le pr\u00e9sident Le site https:\/\/www.chateaudemontrottier.com\/en\/ est h\u00e9berg\u00e9 par OVH SAS au capital de 500 k\u20ac RCS Roubaix \u2013 Tourcoing 424 761 419 00011 \u2013 Code APE [&hellip;]\" \/>\n<meta property=\"og:url\" content=\"https:\/\/www.chateaudemontrottier.com\/en\/mentions-legales\/\" \/>\n<meta property=\"og:site_name\" content=\"Ch\u00e2teau &amp; Estate of Montrottier\" \/>\n<meta property=\"article:modified_time\" content=\"2025-10-10T04:47:48+00:00\" \/>\n<meta property=\"og:image\" content=\"https:\/\/www.chateaudemontrottier.com\/en\/wp-content\/uploads\/2016\/02\/cropped-logo-chateau-montrottier.png\" \/>\n\t<meta property=\"og:image:width\" content=\"512\" \/>\n\t<meta property=\"og:image:height\" content=\"512\" \/>\n\t<meta property=\"og:image:type\" content=\"image\/png\" \/>\n<meta name=\"twitter:card\" content=\"summary_large_image\" \/>\n<meta name=\"twitter:label1\" content=\"Dur\u00e9e de lecture estim\u00e9e\" \/>\n\t<meta name=\"twitter:data1\" content=\"2 minutes\" \/>\n<script type=\"application\/ld+json\" class=\"yoast-schema-graph\">{\"@context\":\"https:\\\/\\\/schema.org\",\"@graph\":[{\"@type\":\"WebPage\",\"@id\":\"https:\\\/\\\/www.chateaudemontrottier.com\\\/en\\\/mentions-legales\\\/\",\"url\":\"https:\\\/\\\/www.chateaudemontrottier.com\\\/en\\\/mentions-legales\\\/\",\"name\":\"Legal Mentions - Ch\u00e2teau &amp; Estate of Montrottier\",\"isPartOf\":{\"@id\":\"https:\\\/\\\/www.chateaudemontrottier.com\\\/en\\\/#website\"},\"datePublished\":\"2016-02-22T14:00:35+00:00\",\"dateModified\":\"2025-10-10T04:47:48+00:00\",\"breadcrumb\":{\"@id\":\"https:\\\/\\\/www.chateaudemontrottier.com\\\/en\\\/mentions-legales\\\/#breadcrumb\"},\"inLanguage\":\"fr-FR\",\"potentialAction\":[{\"@type\":\"ReadAction\",\"target\":[\"https:\\\/\\\/www.chateaudemontrottier.com\\\/en\\\/mentions-legales\\\/\"]}]},{\"@type\":\"BreadcrumbList\",\"@id\":\"https:\\\/\\\/www.chateaudemontrottier.com\\\/en\\\/mentions-legales\\\/#breadcrumb\",\"itemListElement\":[{\"@type\":\"ListItem\",\"position\":1,\"name\":\"Accueil\",\"item\":\"https:\\\/\\\/www.chateaudemontrottier.com\\\/en\\\/\"},{\"@type\":\"ListItem\",\"position\":2,\"name\":\"Legal Mentions\"}]},{\"@type\":\"WebSite\",\"@id\":\"https:\\\/\\\/www.chateaudemontrottier.com\\\/en\\\/#website\",\"url\":\"https:\\\/\\\/www.chateaudemontrottier.com\\\/en\\\/\",\"name\":\"Ch\u00e2teau &amp; Estate of Montrottier\",\"description\":\"Castle of Princes of Savoie\",\"publisher\":{\"@id\":\"https:\\\/\\\/www.chateaudemontrottier.com\\\/en\\\/#organization\"},\"potentialAction\":[{\"@type\":\"SearchAction\",\"target\":{\"@type\":\"EntryPoint\",\"urlTemplate\":\"https:\\\/\\\/www.chateaudemontrottier.com\\\/en\\\/?s={search_term_string}\"},\"query-input\":{\"@type\":\"PropertyValueSpecification\",\"valueRequired\":true,\"valueName\":\"search_term_string\"}}],\"inLanguage\":\"fr-FR\"},{\"@type\":\"Organization\",\"@id\":\"https:\\\/\\\/www.chateaudemontrottier.com\\\/en\\\/#organization\",\"name\":\"Ch\u00e2teau de Montrottier\",\"url\":\"https:\\\/\\\/www.chateaudemontrottier.com\\\/en\\\/\",\"logo\":{\"@type\":\"ImageObject\",\"inLanguage\":\"fr-FR\",\"@id\":\"https:\\\/\\\/www.chateaudemontrottier.com\\\/en\\\/#\\\/schema\\\/logo\\\/image\\\/\",\"url\":\"https:\\\/\\\/www.chateaudemontrottier.com\\\/en\\\/wp-content\\\/uploads\\\/2016\\\/02\\\/cropped-logo-chateau-montrottier.png\",\"contentUrl\":\"https:\\\/\\\/www.chateaudemontrottier.com\\\/en\\\/wp-content\\\/uploads\\\/2016\\\/02\\\/cropped-logo-chateau-montrottier.png\",\"width\":512,\"height\":512,\"caption\":\"Ch\u00e2teau de Montrottier\"},\"image\":{\"@id\":\"https:\\\/\\\/www.chateaudemontrottier.com\\\/en\\\/#\\\/schema\\\/logo\\\/image\\\/\"}}]}<\/script>\n<!-- \/ Yoast SEO plugin. -->","yoast_head_json":{"title":"Legal Mentions - Ch\u00e2teau &amp; Estate of Montrottier","robots":{"index":"index","follow":"follow","max-snippet":"max-snippet:-1","max-image-preview":"max-image-preview:large","max-video-preview":"max-video-preview:-1"},"canonical":"https:\/\/www.chateaudemontrottier.com\/en\/mentions-legales\/","og_locale":"fr_FR","og_type":"article","og_title":"Legal Mentions - Ch\u00e2teau &amp; Estate of Montrottier","og_description":"Publication et h\u00e9bergement Le site https:\/\/www.chateaudemontrottier.com\/en\/ est \u00e9dit\u00e9 par l&rsquo;association du ch\u00e2teau de Montrottier. Si\u00e8ge social : 1 place de l&rsquo;h\u00f4tel de ville 74000 ANNECY Directeur de publication : le pr\u00e9sident Le site https:\/\/www.chateaudemontrottier.com\/en\/ est h\u00e9berg\u00e9 par OVH SAS au capital de 500 k\u20ac RCS Roubaix \u2013 Tourcoing 424 761 419 00011 \u2013 Code APE [&hellip;]","og_url":"https:\/\/www.chateaudemontrottier.com\/en\/mentions-legales\/","og_site_name":"Ch\u00e2teau &amp; Estate of Montrottier","article_modified_time":"2025-10-10T04:47:48+00:00","og_image":[{"width":512,"height":512,"url":"https:\/\/www.chateaudemontrottier.com\/en\/wp-content\/uploads\/2016\/02\/cropped-logo-chateau-montrottier.png","type":"image\/png"}],"twitter_card":"summary_large_image","twitter_misc":{"Dur\u00e9e de lecture estim\u00e9e":"2 minutes"},"schema":{"@context":"https:\/\/schema.org","@graph":[{"@type":"WebPage","@id":"https:\/\/www.chateaudemontrottier.com\/en\/mentions-legales\/","url":"https:\/\/www.chateaudemontrottier.com\/en\/mentions-legales\/","name":"Legal Mentions - Ch\u00e2teau &amp; Estate of Montrottier","isPartOf":{"@id":"https:\/\/www.chateaudemontrottier.com\/en\/#website"},"datePublished":"2016-02-22T14:00:35+00:00","dateModified":"2025-10-10T04:47:48+00:00","breadcrumb":{"@id":"https:\/\/www.chateaudemontrottier.com\/en\/mentions-legales\/#breadcrumb"},"inLanguage":"fr-FR","potentialAction":[{"@type":"ReadAction","target":["https:\/\/www.chateaudemontrottier.com\/en\/mentions-legales\/"]}]},{"@type":"BreadcrumbList","@id":"https:\/\/www.chateaudemontrottier.com\/en\/mentions-legales\/#breadcrumb","itemListElement":[{"@type":"ListItem","position":1,"name":"Accueil","item":"https:\/\/www.chateaudemontrottier.com\/en\/"},{"@type":"ListItem","position":2,"name":"Legal Mentions"}]},{"@type":"WebSite","@id":"https:\/\/www.chateaudemontrottier.com\/en\/#website","url":"https:\/\/www.chateaudemontrottier.com\/en\/","name":"Ch\u00e2teau &amp; Estate of Montrottier","description":"Castle of Princes of Savoie","publisher":{"@id":"https:\/\/www.chateaudemontrottier.com\/en\/#organization"},"potentialAction":[{"@type":"SearchAction","target":{"@type":"EntryPoint","urlTemplate":"https:\/\/www.chateaudemontrottier.com\/en\/?s={search_term_string}"},"query-input":{"@type":"PropertyValueSpecification","valueRequired":true,"valueName":"search_term_string"}}],"inLanguage":"fr-FR"},{"@type":"Organization","@id":"https:\/\/www.chateaudemontrottier.com\/en\/#organization","name":"Ch\u00e2teau de Montrottier","url":"https:\/\/www.chateaudemontrottier.com\/en\/","logo":{"@type":"ImageObject","inLanguage":"fr-FR","@id":"https:\/\/www.chateaudemontrottier.com\/en\/#\/schema\/logo\/image\/","url":"https:\/\/www.chateaudemontrottier.com\/en\/wp-content\/uploads\/2016\/02\/cropped-logo-chateau-montrottier.png","contentUrl":"https:\/\/www.chateaudemontrottier.com\/en\/wp-content\/uploads\/2016\/02\/cropped-logo-chateau-montrottier.png","width":512,"height":512,"caption":"Ch\u00e2teau de Montrottier"},"image":{"@id":"https:\/\/www.chateaudemontrottier.com\/en\/#\/schema\/logo\/image\/"}}]}},"_links":{"self":[{"href":"https:\/\/www.chateaudemontrottier.com\/en\/wp-json\/wp\/v2\/pages\/44","targetHints":{"allow":["GET"]}}],"collection":[{"href":"https:\/\/www.chateaudemontrottier.com\/en\/wp-json\/wp\/v2\/pages"}],"about":[{"href":"https:\/\/www.chateaudemontrottier.com\/en\/wp-json\/wp\/v2\/types\/page"}],"author":[{"embeddable":true,"href":"https:\/\/www.chateaudemontrottier.com\/en\/wp-json\/wp\/v2\/users\/1"}],"replies":[{"embeddable":true,"href":"https:\/\/www.chateaudemontrottier.com\/en\/wp-json\/wp\/v2\/comments?post=44"}],"version-history":[{"count":2,"href":"https:\/\/www.chateaudemontrottier.com\/en\/wp-json\/wp\/v2\/pages\/44\/revisions"}],"predecessor-version":[{"id":1428,"href":"https:\/\/www.chateaudemontrottier.com\/en\/wp-json\/wp\/v2\/pages\/44\/revisions\/1428"}],"wp:attachment":[{"href":"https:\/\/www.chateaudemontrottier.com\/en\/wp-json\/wp\/v2\/media?parent=44"}],"curies":[{"name":"wp","href":"https:\/\/api.w.org\/{rel}","templated":true}]}}